{"id":2173,"date":"2023-10-23T11:17:49","date_gmt":"2023-10-23T11:17:49","guid":{"rendered":"http:\/\/localhost\/kmdknew\/klientet\/"},"modified":"2023-10-25T08:46:08","modified_gmt":"2023-10-25T08:46:08","slug":"clients","status":"publish","type":"page","link":"https:\/\/kmdk-ks.org\/en\/clients\/","title":{"rendered":"CLIENTS"},"content":{"rendered":"\r\n<p>Klient\u00ebt Publik Vendi Adresa<\/p>\r\n\r\n\r\n\r\n<ol class=\"wp-block-list\">\r\n<li>KRM-Pastrimi Prishtin\u00eb Rr. Bill Klinton<\/li>\r\n\r\n\r\n\r\n<li>KRM Ekoregjioni Prizren Rr.William Woker<\/li>\r\n\r\n\r\n\r\n<li>KRM- Eco-Higjiena Gjilan Rr. Adem Jashari, nr. 111<\/li>\r\n\r\n\r\n\r\n<li>KRM- Past\u00ebrtia Ferizaj Rr. Enver Topalli<\/li>\r\n\r\n\r\n\r\n<li>KRM-\u00c7abrati Gjakove Rr. Mazllom Lakuci<\/li>\r\n\r\n\r\n\r\n<li>Komuna Kllokokt Kllokot Kllokot-Verbac<\/li>\r\n\r\n\r\n\r\n<li>Komuna Partesh Pasjan-Partesh Pasjan<\/li>\r\n\r\n\r\n\r\n<li>Komuna Ranillug Ranillug Ranillug<br \/><br \/><br \/>Klient\u00ebt Privat Komuna ku operon Adresa<\/li>\r\n\r\n\r\n\r\n<li>ASDA INSAAT Prishtin\u00eb Rr. Film City-Kfor<\/li>\r\n\r\n\r\n\r\n<li>Benita Company, SH.P.K (Kontrate p\u00ebr dhe, pa faturim) Gremnik Gremnik-Klin\u00eb<\/li>\r\n\r\n\r\n\r\n<li>N.P.SH. Katana Obiliq Rr. Hasan Prishtina<\/li>\r\n\r\n\r\n\r\n<li>N.SH.T. Kanalprofis Fush\u00eb Kosov\u00eb Rr. Bedri Pejani, nr. 5<\/li>\r\n\r\n\r\n\r\n<li>N.SH. Xhaferi Prizren Lubizhd\u00eb-Prizren<\/li>\r\n\r\n\r\n\r\n<li>SH.P.K Ekodrina Rahovec Ratkoc-Rahovec<\/li>\r\n\r\n\r\n\r\n<li>N.T.SH. ZAHIRI Prishtin\u00eb Veternik, Prishtin\u00eb<\/li>\r\n\r\n\r\n\r\n<li>N.T.SH. Krasniqi Ka\u00e7anik i Vjet\u00ebr Rruga e \u00c7lirimtar\u00ebve<\/li>\r\n\r\n\r\n\r\n<li>N.N Lindi-2 (Kontrate p\u00ebr dhe) pa faturim Balinc\u00eb-Malishev\u00eb Balinc\u00eb<\/li>\r\n\r\n\r\n\r\n<li>N.N.T Hamiti (Kontrate p\u00ebr dhe, pa faturim) Balinc\u00eb-Malishev\u00eb Balinc\u00eb<\/li>\r\n\r\n\r\n\r\n<li>SH.P.K. Rec- Kos Fush\u00eb Kosov\u00eb Rr. E Varrezave p.n.<\/li>\r\n\r\n\r\n\r\n<li>SH.P.K. Toifor Prishtin\u00eb Emshir-Prishtin\u00eb<\/li>\r\n\r\n\r\n\r\n<li>SH.P.K VIGANI Prishtin\u00eb Bregu i Diellit, Lagjja e Re<\/li>\r\n\r\n\r\n\r\n<li>SH.P.K. Plastika Fush\u00eb Kosov\u00eb Rr. N\u00ebna Tereze p.n<\/li>\r\n\r\n\r\n\r\n<li>P.P. Rata i Pet Brata Gra\u00e7anic\u00eb Gra\u00e7anic\u00eb, Prishtin\u00eb<\/li>\r\n<\/ol>\r\n","protected":false},"excerpt":{"rendered":"<p>Klient\u00ebt Publik Vendi Adresa<\/p>\n","protected":false},"author":1,"featured_media":0,"parent":0,"menu_order":0,"comment_status":"closed","ping_status":"closed","template":"about.php","meta":{"footnotes":""},"class_list":["post-2173","page","type-page","status-publish","hentry"],"acf":[],"yoast_head":"<!-- This site is optimized with the Yoast SEO plugin v27.3 - https:\/\/yoast.com\/product\/yoast-seo-wordpress\/ -->\n<title>CLIENTS - KMDK<\/title>\n<meta name=\"robots\" content=\"index, follow, max-snippet:-1, max-image-preview:large, max-video-preview:-1\" \/>\n<link rel=\"canonical\" href=\"https:\/\/kmdk-ks.org\/en\/clients\/\" \/>\n<meta property=\"og:locale\" content=\"en_US\" \/>\n<meta property=\"og:type\" content=\"article\" \/>\n<meta property=\"og:title\" content=\"CLIENTS - KMDK\" \/>\n<meta property=\"og:description\" content=\"Klient\u00ebt Publik Vendi Adresa\" \/>\n<meta property=\"og:url\" content=\"https:\/\/kmdk-ks.org\/en\/clients\/\" \/>\n<meta property=\"og:site_name\" content=\"KMDK\" \/>\n<meta property=\"article:publisher\" content=\"https:\/\/www.facebook.com\/p\/Kompania-pr-Menaxhimin-e-Deponive-n-Kosov-SHA-100067418288943\/\" \/>\n<meta property=\"article:modified_time\" content=\"2023-10-25T08:46:08+00:00\" \/>\n<meta name=\"twitter:card\" content=\"summary_large_image\" \/>\n<meta name=\"twitter:label1\" content=\"Est. reading time\" \/>\n\t<meta name=\"twitter:data1\" content=\"1 minute\" \/>\n<script type=\"application\/ld+json\" class=\"yoast-schema-graph\">{\"@context\":\"https:\\\/\\\/schema.org\",\"@graph\":[{\"@type\":\"WebPage\",\"@id\":\"https:\\\/\\\/kmdk-ks.org\\\/en\\\/clients\\\/\",\"url\":\"https:\\\/\\\/kmdk-ks.org\\\/en\\\/clients\\\/\",\"name\":\"CLIENTS - KMDK\",\"isPartOf\":{\"@id\":\"https:\\\/\\\/kmdk-ks.org\\\/#website\"},\"datePublished\":\"2023-10-23T11:17:49+00:00\",\"dateModified\":\"2023-10-25T08:46:08+00:00\",\"breadcrumb\":{\"@id\":\"https:\\\/\\\/kmdk-ks.org\\\/en\\\/clients\\\/#breadcrumb\"},\"inLanguage\":\"en-US\",\"potentialAction\":[{\"@type\":\"ReadAction\",\"target\":[\"https:\\\/\\\/kmdk-ks.org\\\/en\\\/clients\\\/\"]}]},{\"@type\":\"BreadcrumbList\",\"@id\":\"https:\\\/\\\/kmdk-ks.org\\\/en\\\/clients\\\/#breadcrumb\",\"itemListElement\":[{\"@type\":\"ListItem\",\"position\":1,\"name\":\"Home\",\"item\":\"https:\\\/\\\/kmdk-ks.org\\\/en\\\/\"},{\"@type\":\"ListItem\",\"position\":2,\"name\":\"CLIENTS\"}]},{\"@type\":\"WebSite\",\"@id\":\"https:\\\/\\\/kmdk-ks.org\\\/#website\",\"url\":\"https:\\\/\\\/kmdk-ks.org\\\/\",\"name\":\"KMDK\",\"description\":\"\",\"potentialAction\":[{\"@type\":\"SearchAction\",\"target\":{\"@type\":\"EntryPoint\",\"urlTemplate\":\"https:\\\/\\\/kmdk-ks.org\\\/?s={search_term_string}\"},\"query-input\":{\"@type\":\"PropertyValueSpecification\",\"valueRequired\":true,\"valueName\":\"search_term_string\"}}],\"inLanguage\":\"en-US\"}]}<\/script>\n<!-- \/ Yoast SEO plugin. -->","yoast_head_json":{"title":"CLIENTS - KMDK","robots":{"index":"index","follow":"follow","max-snippet":"max-snippet:-1","max-image-preview":"max-image-preview:large","max-video-preview":"max-video-preview:-1"},"canonical":"https:\/\/kmdk-ks.org\/en\/clients\/","og_locale":"en_US","og_type":"article","og_title":"CLIENTS - KMDK","og_description":"Klient\u00ebt Publik Vendi Adresa","og_url":"https:\/\/kmdk-ks.org\/en\/clients\/","og_site_name":"KMDK","article_publisher":"https:\/\/www.facebook.com\/p\/Kompania-pr-Menaxhimin-e-Deponive-n-Kosov-SHA-100067418288943\/","article_modified_time":"2023-10-25T08:46:08+00:00","twitter_card":"summary_large_image","twitter_misc":{"Est. reading time":"1 minute"},"schema":{"@context":"https:\/\/schema.org","@graph":[{"@type":"WebPage","@id":"https:\/\/kmdk-ks.org\/en\/clients\/","url":"https:\/\/kmdk-ks.org\/en\/clients\/","name":"CLIENTS - KMDK","isPartOf":{"@id":"https:\/\/kmdk-ks.org\/#website"},"datePublished":"2023-10-23T11:17:49+00:00","dateModified":"2023-10-25T08:46:08+00:00","breadcrumb":{"@id":"https:\/\/kmdk-ks.org\/en\/clients\/#breadcrumb"},"inLanguage":"en-US","potentialAction":[{"@type":"ReadAction","target":["https:\/\/kmdk-ks.org\/en\/clients\/"]}]},{"@type":"BreadcrumbList","@id":"https:\/\/kmdk-ks.org\/en\/clients\/#breadcrumb","itemListElement":[{"@type":"ListItem","position":1,"name":"Home","item":"https:\/\/kmdk-ks.org\/en\/"},{"@type":"ListItem","position":2,"name":"CLIENTS"}]},{"@type":"WebSite","@id":"https:\/\/kmdk-ks.org\/#website","url":"https:\/\/kmdk-ks.org\/","name":"KMDK","description":"","potentialAction":[{"@type":"SearchAction","target":{"@type":"EntryPoint","urlTemplate":"https:\/\/kmdk-ks.org\/?s={search_term_string}"},"query-input":{"@type":"PropertyValueSpecification","valueRequired":true,"valueName":"search_term_string"}}],"inLanguage":"en-US"}]}},"_links":{"self":[{"href":"https:\/\/kmdk-ks.org\/en\/wp-json\/wp\/v2\/pages\/2173","targetHints":{"allow":["GET"]}}],"collection":[{"href":"https:\/\/kmdk-ks.org\/en\/wp-json\/wp\/v2\/pages"}],"about":[{"href":"https:\/\/kmdk-ks.org\/en\/wp-json\/wp\/v2\/types\/page"}],"author":[{"embeddable":true,"href":"https:\/\/kmdk-ks.org\/en\/wp-json\/wp\/v2\/users\/1"}],"replies":[{"embeddable":true,"href":"https:\/\/kmdk-ks.org\/en\/wp-json\/wp\/v2\/comments?post=2173"}],"version-history":[{"count":1,"href":"https:\/\/kmdk-ks.org\/en\/wp-json\/wp\/v2\/pages\/2173\/revisions"}],"predecessor-version":[{"id":2175,"href":"https:\/\/kmdk-ks.org\/en\/wp-json\/wp\/v2\/pages\/2173\/revisions\/2175"}],"wp:attachment":[{"href":"https:\/\/kmdk-ks.org\/en\/wp-json\/wp\/v2\/media?parent=2173"}],"curies":[{"name":"wp","href":"https:\/\/api.w.org\/{rel}","templated":true}]}}