{"id":2190,"date":"2023-10-23T09:58:17","date_gmt":"2023-10-23T09:58:17","guid":{"rendered":"http:\/\/localhost\/kmdknew\/rreth-nesh\/"},"modified":"2023-10-25T08:53:28","modified_gmt":"2023-10-25T08:53:28","slug":"about-us","status":"publish","type":"page","link":"https:\/\/kmdk-ks.org\/en\/about-us\/","title":{"rendered":"ABOUT US"},"content":{"rendered":"\r\n<h1 class=\"wp-block-heading\">HISTORIKU I KOMPANIS\u00cb<\/h1>\r\n\r\n\r\n\r\n<p>N\u00eb baz\u00eb t\u00eb Ligjit nr. 03\/L-087 p\u00ebr Nd\u00ebrmarrjet Publike, Kompania p\u00ebr Menaxhimin e Deponive n\u00eb Kosov\u00eb (KMDK SH. A.), \u00ebsht\u00eb kompani e legalizuar dhe e licencuar p\u00ebr menaxhimin e deponive sanitare regjionale t\u00eb mbeturinave Komunale n\u00eb Republik\u00ebn e Kosov\u00ebs, e korporatizuar dhe e regjistruar si Shoq\u00ebri Aksionare konform Ligjit Nr. 02\/L-123 p\u00ebr Shoq\u00ebrit\u00eb Tregtare.<br \/><br \/>Struktura institucionale, roli dhe p\u00ebrgjegj\u00ebsit\u00eb e institucioneve relevante n\u00eb menaxhimin e DS t\u00eb mbeturinave n\u00eb Kosov\u00eb jan\u00eb p\u00ebrcaktuar me legjislacionin q\u00eb \u00ebsht\u00eb n\u00eb fuqi, n\u00eb baz\u00eb t\u00eb cilit \u00ebsht\u00eb em\u00ebruar Bordi i Drejtor\u00ebve nga ana e Qeveris\u00eb s\u00eb Kosov\u00ebs.<br \/><br \/>Ministria e Zhvillimit Ekonomik (MZHE) n\u00eb baz\u00eb t\u00eb Ligjit p\u00ebr Nd\u00ebrmarrjet Publike (NR. 03\/L-087) p\u00ebrmes Nj\u00ebsis\u00eb p\u00ebr Politika dhe Monitorim, mbik\u00ebqyr\u00eb afarizmin e nd\u00ebrmarrjeve publike t\u00eb cilat jan\u00eb n\u00eb pron\u00ebsi t\u00eb Qeveris\u00eb s\u00eb Republik\u00ebs s\u00eb Kosov\u00ebs si dhe p\u00ebrkujdeset p\u00ebr monitorimin dhe transparenc\u00ebn e tyre. Ky ligj themelon korniz\u00ebn p\u00ebr ushtrimin e t\u00eb drejt\u00ebs pron\u00ebsore n\u00eb nd\u00ebrmarrjet publike dhe rregullon qeverisjen e korporatave t\u00eb k\u00ebtyre nd\u00ebrmarrjeve.<br \/><br \/>Kompania \u00ebsht\u00eb themeluar nga institucionet vendore dhe nd\u00ebrkomb\u00ebtare, donacion i dh\u00ebne nga Agjencia Evropiane p\u00ebr Rind\u00ebrtim dhe Zhvillim (AER). KMDK menaxhon me k\u00ebto asete konform legjislacionit n\u00eb fuqi dhe standardeve t\u00eb e p\u00ebrcaktuara me qellim t\u00eb ruajtjes s\u00eb mjedisit dhe rritjes s\u00eb vler\u00ebs s\u00eb aseteve t\u00eb kompanis\u00eb.<\/p>\r\n\r\n\r\n\r\n<h2 class=\"wp-block-heading\">Kompania ofron\u00a0 sh\u00ebrbimet e veta n\u00eb k\u00ebto Deponi regjionale:<\/h2>\r\n\r\n\r\n\r\n<ul class=\"wp-block-list\">\r\n<li>Deponia Sanitare e Mirashit &#8211;\u00a0 Prishtin\u00eb<\/li>\r\n\r\n\r\n\r\n<li>Deponia Sanitare e Dumnic\u00ebs &#8211;\u00a0 Podujev\u00eb<\/li>\r\n\r\n\r\n\r\n<li>Deponia Sanitare e Landovic\u00ebs &#8211; Prizren<\/li>\r\n\r\n\r\n\r\n<li>Deponia Sanitare e Velekinc\u00ebs\u00a0 &#8211;\u00a0 Gjilan<\/li>\r\n\r\n\r\n\r\n<li>Stacionin e\u00a0 Transferit\u00a0 n\u00eb Ferizaj<\/li>\r\n<\/ul>\r\n","protected":false},"excerpt":{"rendered":"<p>HISTORIKU I KOMPANIS\u00cb N\u00eb baz\u00eb t\u00eb Ligjit nr. 03\/L-087 p\u00ebr Nd\u00ebrmarrjet Publike, Kompania p\u00ebr Menaxhimin e Deponive n\u00eb Kosov\u00eb (KMDK SH. A.), \u00ebsht\u00eb kompani e legalizuar dhe e licencuar p\u00ebr menaxhimin e deponive sanitare regjionale t\u00eb mbeturinave Komunale n\u00eb Republik\u00ebn e Kosov\u00ebs, e korporatizuar dhe e regjistruar si Shoq\u00ebri Aksionare konform Ligjit Nr. 02\/L-123 p\u00ebr [&hellip;]<\/p>\n","protected":false},"author":1,"featured_media":0,"parent":0,"menu_order":0,"comment_status":"closed","ping_status":"closed","template":"about.php","meta":{"footnotes":""},"class_list":["post-2190","page","type-page","status-publish","hentry"],"acf":[],"yoast_head":"<!-- This site is optimized with the Yoast SEO plugin v27.3 - https:\/\/yoast.com\/product\/yoast-seo-wordpress\/ -->\n<title>ABOUT US - KMDK<\/title>\n<meta name=\"robots\" content=\"index, follow, max-snippet:-1, max-image-preview:large, max-video-preview:-1\" \/>\n<link rel=\"canonical\" href=\"https:\/\/kmdk-ks.org\/en\/about-us\/\" \/>\n<meta property=\"og:locale\" content=\"en_US\" \/>\n<meta property=\"og:type\" content=\"article\" \/>\n<meta property=\"og:title\" content=\"ABOUT US - KMDK\" \/>\n<meta property=\"og:description\" content=\"HISTORIKU I KOMPANIS\u00cb N\u00eb baz\u00eb t\u00eb Ligjit nr. 03\/L-087 p\u00ebr Nd\u00ebrmarrjet Publike, Kompania p\u00ebr Menaxhimin e Deponive n\u00eb Kosov\u00eb (KMDK SH. A.), \u00ebsht\u00eb kompani e legalizuar dhe e licencuar p\u00ebr menaxhimin e deponive sanitare regjionale t\u00eb mbeturinave Komunale n\u00eb Republik\u00ebn e Kosov\u00ebs, e korporatizuar dhe e regjistruar si Shoq\u00ebri Aksionare konform Ligjit Nr. 02\/L-123 p\u00ebr [&hellip;]\" \/>\n<meta property=\"og:url\" content=\"https:\/\/kmdk-ks.org\/en\/about-us\/\" \/>\n<meta property=\"og:site_name\" content=\"KMDK\" \/>\n<meta property=\"article:publisher\" content=\"https:\/\/www.facebook.com\/p\/Kompania-pr-Menaxhimin-e-Deponive-n-Kosov-SHA-100067418288943\/\" \/>\n<meta property=\"article:modified_time\" content=\"2023-10-25T08:53:28+00:00\" \/>\n<meta name=\"twitter:card\" content=\"summary_large_image\" \/>\n<meta name=\"twitter:label1\" content=\"Est. reading time\" \/>\n\t<meta name=\"twitter:data1\" content=\"1 minute\" \/>\n<script type=\"application\/ld+json\" class=\"yoast-schema-graph\">{\"@context\":\"https:\\\/\\\/schema.org\",\"@graph\":[{\"@type\":\"WebPage\",\"@id\":\"https:\\\/\\\/kmdk-ks.org\\\/en\\\/about-us\\\/\",\"url\":\"https:\\\/\\\/kmdk-ks.org\\\/en\\\/about-us\\\/\",\"name\":\"ABOUT US - KMDK\",\"isPartOf\":{\"@id\":\"https:\\\/\\\/kmdk-ks.org\\\/#website\"},\"datePublished\":\"2023-10-23T09:58:17+00:00\",\"dateModified\":\"2023-10-25T08:53:28+00:00\",\"breadcrumb\":{\"@id\":\"https:\\\/\\\/kmdk-ks.org\\\/en\\\/about-us\\\/#breadcrumb\"},\"inLanguage\":\"en-US\",\"potentialAction\":[{\"@type\":\"ReadAction\",\"target\":[\"https:\\\/\\\/kmdk-ks.org\\\/en\\\/about-us\\\/\"]}]},{\"@type\":\"BreadcrumbList\",\"@id\":\"https:\\\/\\\/kmdk-ks.org\\\/en\\\/about-us\\\/#breadcrumb\",\"itemListElement\":[{\"@type\":\"ListItem\",\"position\":1,\"name\":\"Home\",\"item\":\"https:\\\/\\\/kmdk-ks.org\\\/en\\\/\"},{\"@type\":\"ListItem\",\"position\":2,\"name\":\"ABOUT US\"}]},{\"@type\":\"WebSite\",\"@id\":\"https:\\\/\\\/kmdk-ks.org\\\/#website\",\"url\":\"https:\\\/\\\/kmdk-ks.org\\\/\",\"name\":\"KMDK\",\"description\":\"\",\"potentialAction\":[{\"@type\":\"SearchAction\",\"target\":{\"@type\":\"EntryPoint\",\"urlTemplate\":\"https:\\\/\\\/kmdk-ks.org\\\/?s={search_term_string}\"},\"query-input\":{\"@type\":\"PropertyValueSpecification\",\"valueRequired\":true,\"valueName\":\"search_term_string\"}}],\"inLanguage\":\"en-US\"}]}<\/script>\n<!-- \/ Yoast SEO plugin. -->","yoast_head_json":{"title":"ABOUT US - KMDK","robots":{"index":"index","follow":"follow","max-snippet":"max-snippet:-1","max-image-preview":"max-image-preview:large","max-video-preview":"max-video-preview:-1"},"canonical":"https:\/\/kmdk-ks.org\/en\/about-us\/","og_locale":"en_US","og_type":"article","og_title":"ABOUT US - KMDK","og_description":"HISTORIKU I KOMPANIS\u00cb N\u00eb baz\u00eb t\u00eb Ligjit nr. 03\/L-087 p\u00ebr Nd\u00ebrmarrjet Publike, Kompania p\u00ebr Menaxhimin e Deponive n\u00eb Kosov\u00eb (KMDK SH. A.), \u00ebsht\u00eb kompani e legalizuar dhe e licencuar p\u00ebr menaxhimin e deponive sanitare regjionale t\u00eb mbeturinave Komunale n\u00eb Republik\u00ebn e Kosov\u00ebs, e korporatizuar dhe e regjistruar si Shoq\u00ebri Aksionare konform Ligjit Nr. 02\/L-123 p\u00ebr [&hellip;]","og_url":"https:\/\/kmdk-ks.org\/en\/about-us\/","og_site_name":"KMDK","article_publisher":"https:\/\/www.facebook.com\/p\/Kompania-pr-Menaxhimin-e-Deponive-n-Kosov-SHA-100067418288943\/","article_modified_time":"2023-10-25T08:53:28+00:00","twitter_card":"summary_large_image","twitter_misc":{"Est. reading time":"1 minute"},"schema":{"@context":"https:\/\/schema.org","@graph":[{"@type":"WebPage","@id":"https:\/\/kmdk-ks.org\/en\/about-us\/","url":"https:\/\/kmdk-ks.org\/en\/about-us\/","name":"ABOUT US - KMDK","isPartOf":{"@id":"https:\/\/kmdk-ks.org\/#website"},"datePublished":"2023-10-23T09:58:17+00:00","dateModified":"2023-10-25T08:53:28+00:00","breadcrumb":{"@id":"https:\/\/kmdk-ks.org\/en\/about-us\/#breadcrumb"},"inLanguage":"en-US","potentialAction":[{"@type":"ReadAction","target":["https:\/\/kmdk-ks.org\/en\/about-us\/"]}]},{"@type":"BreadcrumbList","@id":"https:\/\/kmdk-ks.org\/en\/about-us\/#breadcrumb","itemListElement":[{"@type":"ListItem","position":1,"name":"Home","item":"https:\/\/kmdk-ks.org\/en\/"},{"@type":"ListItem","position":2,"name":"ABOUT US"}]},{"@type":"WebSite","@id":"https:\/\/kmdk-ks.org\/#website","url":"https:\/\/kmdk-ks.org\/","name":"KMDK","description":"","potentialAction":[{"@type":"SearchAction","target":{"@type":"EntryPoint","urlTemplate":"https:\/\/kmdk-ks.org\/?s={search_term_string}"},"query-input":{"@type":"PropertyValueSpecification","valueRequired":true,"valueName":"search_term_string"}}],"inLanguage":"en-US"}]}},"_links":{"self":[{"href":"https:\/\/kmdk-ks.org\/en\/wp-json\/wp\/v2\/pages\/2190","targetHints":{"allow":["GET"]}}],"collection":[{"href":"https:\/\/kmdk-ks.org\/en\/wp-json\/wp\/v2\/pages"}],"about":[{"href":"https:\/\/kmdk-ks.org\/en\/wp-json\/wp\/v2\/types\/page"}],"author":[{"embeddable":true,"href":"https:\/\/kmdk-ks.org\/en\/wp-json\/wp\/v2\/users\/1"}],"replies":[{"embeddable":true,"href":"https:\/\/kmdk-ks.org\/en\/wp-json\/wp\/v2\/comments?post=2190"}],"version-history":[{"count":1,"href":"https:\/\/kmdk-ks.org\/en\/wp-json\/wp\/v2\/pages\/2190\/revisions"}],"predecessor-version":[{"id":2192,"href":"https:\/\/kmdk-ks.org\/en\/wp-json\/wp\/v2\/pages\/2190\/revisions\/2192"}],"wp:attachment":[{"href":"https:\/\/kmdk-ks.org\/en\/wp-json\/wp\/v2\/media?parent=2190"}],"curies":[{"name":"wp","href":"https:\/\/api.w.org\/{rel}","templated":true}]}}