{"id":2120,"date":"2023-10-23T10:23:50","date_gmt":"2023-10-23T10:23:50","guid":{"rendered":"http:\/\/localhost\/kmdknew\/misioni-dhe-vizioni\/"},"modified":"2023-10-25T08:37:43","modified_gmt":"2023-10-25T08:37:43","slug":"misioni-dhe-vizioni","status":"publish","type":"page","link":"https:\/\/kmdk-ks.org\/sr\/misioni-dhe-vizioni\/","title":{"rendered":"MISIONI DHE VIZIONI"},"content":{"rendered":"\r\n<h1 class=\"wp-block-heading\">MISIONI DHE VIZIONI SR<\/h1>\r\n\r\n\r\n\r\n<h2 class=\"wp-block-heading\">Misioni:<\/h2>\r\n\r\n\r\n\r\n<p>Misioni i kompanis\u00eb \u00ebsht\u00eb menaxhimi\u00a0 i mbeturinave q\u00eb vijn\u00eb n\u00eb deponit\u00eb sanitare t\u00eb KMDK-s\u00eb, Evitimi i rreziqeve q\u00eb mund t\u00eb vijn\u00eb gjat\u00eb trajtimit t\u00eb mbeturinave dhe\u00a0 parandalimi i ndotjes s\u00eb mjedisit.<\/p>\r\n\r\n\r\n\r\n<h2 class=\"wp-block-heading\">Vizioni:<\/h2>\r\n\r\n\r\n\r\n<p>Operimi dhe trajtimi i mbeturinave m\u00eb q\u00ebllim t\u00eb ruajtjes s\u00eb ambientit, rritja e vler\u00ebs s\u00eb aseteve dhe rritja e q\u00ebndrueshm\u00ebris\u00eb financiare \u00ebsht\u00eb synimi i s\u00eb tashmes dhe i s\u00eb ardhmes s\u00eb kompanis\u00eb.<br \/>\u00a0<\/p>\r\n\r\n\r\n\r\n<h2 class=\"wp-block-heading\">Q\u00ebllimi<\/h2>\r\n\r\n\r\n\r\n<p>Q\u00ebllimi kryesor i KMDK SH.A q\u00eb nga themelimi \u00ebsht\u00eb\u00a0 menaxhimi i mbeturinave n\u00eb DS sipas standardeve.<br \/><br \/><strong>Q\u00ebllimi i kompanis\u00eb mund t\u00eb arrihet n\u00ebp\u00ebrmjet t\u00eb:<\/strong><\/p>\r\n\r\n\r\n\r\n<ul class=\"wp-block-list\">\r\n<li>Ngritjes s\u00eb inkasimit dhe ark\u00ebtimit t\u00eb borxheve nga KRM-t\u00eb dhe subjekteve private . Ngritja e inkasimit do t\u00eb mund\u00ebsonte q\u00ebndrueshm\u00ebri t\u00eb KMDK-s\u00eb, p\u00ebrmir\u00ebsimin\u00a0 e gjendjes teknike dhe infrastrukturore t\u00eb DS, shlyerjen e borxheve dhe obligimeve ndaj furnitor\u00ebve.<\/li>\r\n\r\n\r\n\r\n<li>Riparimi dhe mir\u00ebmbajtja e makineris\u00eb , mir\u00ebmbajtje dhe rregullim te infrastruktur\u00ebs n\u00eb t\u00eb gjitha\u00a0 DS,\u00a0 krijimin e\u00a0 kushteve m\u00eb\u00a0 t\u00eb\u00a0 mira p\u00ebr klient\u00ebt\u00a0 e KMDK dhe nj\u00ebkoh\u00ebsisht mbrojta e ambientit.<\/li>\r\n\r\n\r\n\r\n<li>Rivendosja e sistemit t\u00eb ajrosjes n\u00eb t\u00eb gjitha DS sipas standardeve.<\/li>\r\n\r\n\r\n\r\n<li>Vendosja e peshoreve digjitale dhe kamerave, si dhe monitorimi i tyre nga selia e kompanis\u00eb.<\/li>\r\n\r\n\r\n\r\n<li>Trajnimi &#8211; avancimi profesional i stafit t\u00eb KMDK-s\u00eb<\/li>\r\n<\/ul>\r\n\r\n\r\n\r\n<p>&nbsp;<\/p>\r\n","protected":false},"excerpt":{"rendered":"<p>MISIONI DHE VIZIONI SR Misioni: Misioni i kompanis\u00eb \u00ebsht\u00eb menaxhimi\u00a0 i mbeturinave q\u00eb vijn\u00eb n\u00eb deponit\u00eb sanitare t\u00eb KMDK-s\u00eb, Evitimi i rreziqeve q\u00eb mund t\u00eb vijn\u00eb gjat\u00eb trajtimit t\u00eb mbeturinave dhe\u00a0 parandalimi i ndotjes s\u00eb mjedisit. Vizioni: Operimi dhe trajtimi i mbeturinave m\u00eb q\u00ebllim t\u00eb ruajtjes s\u00eb ambientit, rritja e vler\u00ebs s\u00eb aseteve dhe rritja [&hellip;]<\/p>\n","protected":false},"author":1,"featured_media":0,"parent":0,"menu_order":0,"comment_status":"closed","ping_status":"closed","template":"about.php","meta":{"footnotes":""},"class_list":["post-2120","page","type-page","status-publish","hentry"],"acf":[],"yoast_head":"<!-- This site is optimized with the Yoast SEO plugin v27.3 - https:\/\/yoast.com\/product\/yoast-seo-wordpress\/ -->\n<title>MISIONI DHE VIZIONI - KMDK<\/title>\n<meta name=\"robots\" content=\"index, follow, max-snippet:-1, max-image-preview:large, max-video-preview:-1\" \/>\n<link rel=\"canonical\" href=\"https:\/\/kmdk-ks.org\/sr\/misioni-dhe-vizioni\/\" \/>\n<meta property=\"og:locale\" content=\"sr_RS\" \/>\n<meta property=\"og:type\" content=\"article\" \/>\n<meta property=\"og:title\" content=\"MISIONI DHE VIZIONI - KMDK\" \/>\n<meta property=\"og:description\" content=\"MISIONI DHE VIZIONI SR Misioni: Misioni i kompanis\u00eb \u00ebsht\u00eb menaxhimi\u00a0 i mbeturinave q\u00eb vijn\u00eb n\u00eb deponit\u00eb sanitare t\u00eb KMDK-s\u00eb, Evitimi i rreziqeve q\u00eb mund t\u00eb vijn\u00eb gjat\u00eb trajtimit t\u00eb mbeturinave dhe\u00a0 parandalimi i ndotjes s\u00eb mjedisit. Vizioni: Operimi dhe trajtimi i mbeturinave m\u00eb q\u00ebllim t\u00eb ruajtjes s\u00eb ambientit, rritja e vler\u00ebs s\u00eb aseteve dhe rritja [&hellip;]\" \/>\n<meta property=\"og:url\" content=\"https:\/\/kmdk-ks.org\/sr\/misioni-dhe-vizioni\/\" \/>\n<meta property=\"og:site_name\" content=\"KMDK\" \/>\n<meta property=\"article:publisher\" content=\"https:\/\/www.facebook.com\/p\/Kompania-pr-Menaxhimin-e-Deponive-n-Kosov-SHA-100067418288943\/\" \/>\n<meta property=\"article:modified_time\" content=\"2023-10-25T08:37:43+00:00\" \/>\n<meta name=\"twitter:card\" content=\"summary_large_image\" \/>\n<meta name=\"twitter:label1\" content=\"\u041f\u0440\u043e\u0446\u0435\u045a\u0435\u043d\u043e \u0432\u0440\u0435\u043c\u0435 \u0447\u0438\u0442\u0430\u045a\u0430\" \/>\n\t<meta name=\"twitter:data1\" content=\"1 \u043c\u0438\u043d\u0443\u0442\" \/>\n<script type=\"application\/ld+json\" class=\"yoast-schema-graph\">{\"@context\":\"https:\\\/\\\/schema.org\",\"@graph\":[{\"@type\":\"WebPage\",\"@id\":\"https:\\\/\\\/kmdk-ks.org\\\/sr\\\/misioni-dhe-vizioni\\\/\",\"url\":\"https:\\\/\\\/kmdk-ks.org\\\/sr\\\/misioni-dhe-vizioni\\\/\",\"name\":\"MISIONI DHE VIZIONI - KMDK\",\"isPartOf\":{\"@id\":\"https:\\\/\\\/kmdk-ks.org\\\/#website\"},\"datePublished\":\"2023-10-23T10:23:50+00:00\",\"dateModified\":\"2023-10-25T08:37:43+00:00\",\"breadcrumb\":{\"@id\":\"https:\\\/\\\/kmdk-ks.org\\\/sr\\\/misioni-dhe-vizioni\\\/#breadcrumb\"},\"inLanguage\":\"sr-RS\",\"potentialAction\":[{\"@type\":\"ReadAction\",\"target\":[\"https:\\\/\\\/kmdk-ks.org\\\/sr\\\/misioni-dhe-vizioni\\\/\"]}]},{\"@type\":\"BreadcrumbList\",\"@id\":\"https:\\\/\\\/kmdk-ks.org\\\/sr\\\/misioni-dhe-vizioni\\\/#breadcrumb\",\"itemListElement\":[{\"@type\":\"ListItem\",\"position\":1,\"name\":\"Home\",\"item\":\"https:\\\/\\\/kmdk-ks.org\\\/sr\\\/\"},{\"@type\":\"ListItem\",\"position\":2,\"name\":\"MISIONI DHE VIZIONI\"}]},{\"@type\":\"WebSite\",\"@id\":\"https:\\\/\\\/kmdk-ks.org\\\/#website\",\"url\":\"https:\\\/\\\/kmdk-ks.org\\\/\",\"name\":\"KMDK\",\"description\":\"\",\"potentialAction\":[{\"@type\":\"SearchAction\",\"target\":{\"@type\":\"EntryPoint\",\"urlTemplate\":\"https:\\\/\\\/kmdk-ks.org\\\/?s={search_term_string}\"},\"query-input\":{\"@type\":\"PropertyValueSpecification\",\"valueRequired\":true,\"valueName\":\"search_term_string\"}}],\"inLanguage\":\"sr-RS\"}]}<\/script>\n<!-- \/ Yoast SEO plugin. -->","yoast_head_json":{"title":"MISIONI DHE VIZIONI - KMDK","robots":{"index":"index","follow":"follow","max-snippet":"max-snippet:-1","max-image-preview":"max-image-preview:large","max-video-preview":"max-video-preview:-1"},"canonical":"https:\/\/kmdk-ks.org\/sr\/misioni-dhe-vizioni\/","og_locale":"sr_RS","og_type":"article","og_title":"MISIONI DHE VIZIONI - KMDK","og_description":"MISIONI DHE VIZIONI SR Misioni: Misioni i kompanis\u00eb \u00ebsht\u00eb menaxhimi\u00a0 i mbeturinave q\u00eb vijn\u00eb n\u00eb deponit\u00eb sanitare t\u00eb KMDK-s\u00eb, Evitimi i rreziqeve q\u00eb mund t\u00eb vijn\u00eb gjat\u00eb trajtimit t\u00eb mbeturinave dhe\u00a0 parandalimi i ndotjes s\u00eb mjedisit. Vizioni: Operimi dhe trajtimi i mbeturinave m\u00eb q\u00ebllim t\u00eb ruajtjes s\u00eb ambientit, rritja e vler\u00ebs s\u00eb aseteve dhe rritja [&hellip;]","og_url":"https:\/\/kmdk-ks.org\/sr\/misioni-dhe-vizioni\/","og_site_name":"KMDK","article_publisher":"https:\/\/www.facebook.com\/p\/Kompania-pr-Menaxhimin-e-Deponive-n-Kosov-SHA-100067418288943\/","article_modified_time":"2023-10-25T08:37:43+00:00","twitter_card":"summary_large_image","twitter_misc":{"\u041f\u0440\u043e\u0446\u0435\u045a\u0435\u043d\u043e \u0432\u0440\u0435\u043c\u0435 \u0447\u0438\u0442\u0430\u045a\u0430":"1 \u043c\u0438\u043d\u0443\u0442"},"schema":{"@context":"https:\/\/schema.org","@graph":[{"@type":"WebPage","@id":"https:\/\/kmdk-ks.org\/sr\/misioni-dhe-vizioni\/","url":"https:\/\/kmdk-ks.org\/sr\/misioni-dhe-vizioni\/","name":"MISIONI DHE VIZIONI - KMDK","isPartOf":{"@id":"https:\/\/kmdk-ks.org\/#website"},"datePublished":"2023-10-23T10:23:50+00:00","dateModified":"2023-10-25T08:37:43+00:00","breadcrumb":{"@id":"https:\/\/kmdk-ks.org\/sr\/misioni-dhe-vizioni\/#breadcrumb"},"inLanguage":"sr-RS","potentialAction":[{"@type":"ReadAction","target":["https:\/\/kmdk-ks.org\/sr\/misioni-dhe-vizioni\/"]}]},{"@type":"BreadcrumbList","@id":"https:\/\/kmdk-ks.org\/sr\/misioni-dhe-vizioni\/#breadcrumb","itemListElement":[{"@type":"ListItem","position":1,"name":"Home","item":"https:\/\/kmdk-ks.org\/sr\/"},{"@type":"ListItem","position":2,"name":"MISIONI DHE VIZIONI"}]},{"@type":"WebSite","@id":"https:\/\/kmdk-ks.org\/#website","url":"https:\/\/kmdk-ks.org\/","name":"KMDK","description":"","potentialAction":[{"@type":"SearchAction","target":{"@type":"EntryPoint","urlTemplate":"https:\/\/kmdk-ks.org\/?s={search_term_string}"},"query-input":{"@type":"PropertyValueSpecification","valueRequired":true,"valueName":"search_term_string"}}],"inLanguage":"sr-RS"}]}},"_links":{"self":[{"href":"https:\/\/kmdk-ks.org\/sr\/wp-json\/wp\/v2\/pages\/2120","targetHints":{"allow":["GET"]}}],"collection":[{"href":"https:\/\/kmdk-ks.org\/sr\/wp-json\/wp\/v2\/pages"}],"about":[{"href":"https:\/\/kmdk-ks.org\/sr\/wp-json\/wp\/v2\/types\/page"}],"author":[{"embeddable":true,"href":"https:\/\/kmdk-ks.org\/sr\/wp-json\/wp\/v2\/users\/1"}],"replies":[{"embeddable":true,"href":"https:\/\/kmdk-ks.org\/sr\/wp-json\/wp\/v2\/comments?post=2120"}],"version-history":[{"count":2,"href":"https:\/\/kmdk-ks.org\/sr\/wp-json\/wp\/v2\/pages\/2120\/revisions"}],"predecessor-version":[{"id":2124,"href":"https:\/\/kmdk-ks.org\/sr\/wp-json\/wp\/v2\/pages\/2120\/revisions\/2124"}],"wp:attachment":[{"href":"https:\/\/kmdk-ks.org\/sr\/wp-json\/wp\/v2\/media?parent=2120"}],"curies":[{"name":"wp","href":"https:\/\/api.w.org\/{rel}","templated":true}]}}