{"id":2137,"date":"2023-10-23T10:29:19","date_gmt":"2023-10-23T10:29:19","guid":{"rendered":"http:\/\/localhost\/kmdknew\/struktura-organizative\/"},"modified":"2023-10-25T08:41:28","modified_gmt":"2023-10-25T08:41:28","slug":"struktura-organizacija","status":"publish","type":"page","link":"https:\/\/kmdk-ks.org\/sr\/struktura-organizacija\/","title":{"rendered":"Struktura Organizacija"},"content":{"rendered":"\r\n<h1 class=\"wp-block-heading\">STRUKTURA ORGANIZATIVE<\/h1>\r\n\r\n\r\n\r\n<p>N\u00eb p\u00ebrputhje me Ligjin Nr. 03\/L-087, KMDK SH.A, \u00eb nga Kryeshefi Ekzekutiv i cili i p\u00ebrgjigjet drejtp\u00ebrs\u00ebdrejti Bordit t\u00eb Drejtor\u00ebve. Me q\u00ebllim t\u00eb menaxhimit m\u00eb efi\u00e7ent dhe efektiv, BD ka aprovuar struktur\u00ebn organizative t\u00eb nd\u00ebrmarrjes dhe rregulloret e brendshme n\u00eb baz\u00eb te t\u00eb cilave kjo struktur\u00eb p\u00ebrb\u00ebhet prej tre Departamenteve, t\u00eb cilat jan\u00eb p\u00ebrgjegj\u00ebse p\u00ebr ofrimin e mb\u00ebshtetjes menaxhmentit t\u00eb Kompanis\u00eb. Departamentet p\u00ebrgjegj\u00ebse p\u00ebr ofrimin e mb\u00ebshtetjes menaxhmentit t\u00eb Kompanis\u00eb jan\u00eb: Departamenti i Operativ\u00ebs, Departamenti i Administrat\u00ebs dhe Departamenti i Prokurimit. Me zgjerimin e veprimtaris\u00eb, Kompania planifikon t\u00eb rris numrin e pun\u00ebtor\u00ebve sipas nevojave. Zyrtari per sinjalizim Fatos Hamzaj\u00a0klmcfatoshamzaj@gmail.com<br \/><br \/><img loading=\"lazy\" decoding=\"async\" class=\"wp-image-1649 size-full aligncenter\" src=\"http:\/\/localhost\/kmdknew\/wp-content\/uploads\/2023\/10\/organogrami_kmdk_26_04.jpg\" alt=\"\" width=\"710\" height=\"1004\" srcset=\"https:\/\/kmdk-ks.org\/wp-content\/uploads\/2023\/10\/organogrami_kmdk_26_04.jpg 710w, https:\/\/kmdk-ks.org\/wp-content\/uploads\/2023\/10\/organogrami_kmdk_26_04-212x300.jpg 212w\" sizes=\"auto, (max-width: 710px) 100vw, 710px\" \/><\/p>\r\n","protected":false},"excerpt":{"rendered":"<p>STRUKTURA ORGANIZATIVE N\u00eb p\u00ebrputhje me Ligjin Nr. 03\/L-087, KMDK SH.A, \u00eb nga Kryeshefi Ekzekutiv i cili i p\u00ebrgjigjet drejtp\u00ebrs\u00ebdrejti Bordit t\u00eb Drejtor\u00ebve. Me q\u00ebllim t\u00eb menaxhimit m\u00eb efi\u00e7ent dhe efektiv, BD ka aprovuar struktur\u00ebn organizative t\u00eb nd\u00ebrmarrjes dhe rregulloret e brendshme n\u00eb baz\u00eb te t\u00eb cilave kjo struktur\u00eb p\u00ebrb\u00ebhet prej tre Departamenteve, t\u00eb cilat jan\u00eb [&hellip;]<\/p>\n","protected":false},"author":1,"featured_media":0,"parent":0,"menu_order":0,"comment_status":"closed","ping_status":"closed","template":"about.php","meta":{"footnotes":""},"class_list":["post-2137","page","type-page","status-publish","hentry"],"acf":[],"yoast_head":"<!-- This site is optimized with the Yoast SEO plugin v27.4 - https:\/\/yoast.com\/product\/yoast-seo-wordpress\/ -->\n<title>Struktura Organizacija - KMDK<\/title>\n<meta name=\"robots\" content=\"index, follow, max-snippet:-1, max-image-preview:large, max-video-preview:-1\" \/>\n<link rel=\"canonical\" href=\"https:\/\/kmdk-ks.org\/sr\/struktura-organizacija\/\" \/>\n<meta property=\"og:locale\" content=\"sr_RS\" \/>\n<meta property=\"og:type\" content=\"article\" \/>\n<meta property=\"og:title\" content=\"Struktura Organizacija - KMDK\" \/>\n<meta property=\"og:description\" content=\"STRUKTURA ORGANIZATIVE N\u00eb p\u00ebrputhje me Ligjin Nr. 03\/L-087, KMDK SH.A, \u00eb nga Kryeshefi Ekzekutiv i cili i p\u00ebrgjigjet drejtp\u00ebrs\u00ebdrejti Bordit t\u00eb Drejtor\u00ebve. Me q\u00ebllim t\u00eb menaxhimit m\u00eb efi\u00e7ent dhe efektiv, BD ka aprovuar struktur\u00ebn organizative t\u00eb nd\u00ebrmarrjes dhe rregulloret e brendshme n\u00eb baz\u00eb te t\u00eb cilave kjo struktur\u00eb p\u00ebrb\u00ebhet prej tre Departamenteve, t\u00eb cilat jan\u00eb [&hellip;]\" \/>\n<meta property=\"og:url\" content=\"https:\/\/kmdk-ks.org\/sr\/struktura-organizacija\/\" \/>\n<meta property=\"og:site_name\" content=\"KMDK\" \/>\n<meta property=\"article:publisher\" content=\"https:\/\/www.facebook.com\/p\/Kompania-pr-Menaxhimin-e-Deponive-n-Kosov-SHA-100067418288943\/\" \/>\n<meta property=\"article:modified_time\" content=\"2023-10-25T08:41:28+00:00\" \/>\n<meta property=\"og:image\" content=\"http:\/\/localhost\/kmdknew\/wp-content\/uploads\/2023\/10\/organogrami_kmdk_26_04.jpg\" \/>\n<meta name=\"twitter:card\" content=\"summary_large_image\" \/>\n<meta name=\"twitter:label1\" content=\"\u041f\u0440\u043e\u0446\u0435\u045a\u0435\u043d\u043e \u0432\u0440\u0435\u043c\u0435 \u0447\u0438\u0442\u0430\u045a\u0430\" \/>\n\t<meta name=\"twitter:data1\" content=\"1 \u043c\u0438\u043d\u0443\u0442\" \/>\n<script type=\"application\/ld+json\" class=\"yoast-schema-graph\">{\"@context\":\"https:\\\/\\\/schema.org\",\"@graph\":[{\"@type\":\"WebPage\",\"@id\":\"https:\\\/\\\/kmdk-ks.org\\\/sr\\\/struktura-organizacija\\\/\",\"url\":\"https:\\\/\\\/kmdk-ks.org\\\/sr\\\/struktura-organizacija\\\/\",\"name\":\"Struktura Organizacija - KMDK\",\"isPartOf\":{\"@id\":\"https:\\\/\\\/kmdk-ks.org\\\/#website\"},\"primaryImageOfPage\":{\"@id\":\"https:\\\/\\\/kmdk-ks.org\\\/sr\\\/struktura-organizacija\\\/#primaryimage\"},\"image\":{\"@id\":\"https:\\\/\\\/kmdk-ks.org\\\/sr\\\/struktura-organizacija\\\/#primaryimage\"},\"thumbnailUrl\":\"http:\\\/\\\/localhost\\\/kmdknew\\\/wp-content\\\/uploads\\\/2023\\\/10\\\/organogrami_kmdk_26_04.jpg\",\"datePublished\":\"2023-10-23T10:29:19+00:00\",\"dateModified\":\"2023-10-25T08:41:28+00:00\",\"breadcrumb\":{\"@id\":\"https:\\\/\\\/kmdk-ks.org\\\/sr\\\/struktura-organizacija\\\/#breadcrumb\"},\"inLanguage\":\"sr-RS\",\"potentialAction\":[{\"@type\":\"ReadAction\",\"target\":[\"https:\\\/\\\/kmdk-ks.org\\\/sr\\\/struktura-organizacija\\\/\"]}]},{\"@type\":\"ImageObject\",\"inLanguage\":\"sr-RS\",\"@id\":\"https:\\\/\\\/kmdk-ks.org\\\/sr\\\/struktura-organizacija\\\/#primaryimage\",\"url\":\"http:\\\/\\\/localhost\\\/kmdknew\\\/wp-content\\\/uploads\\\/2023\\\/10\\\/organogrami_kmdk_26_04.jpg\",\"contentUrl\":\"http:\\\/\\\/localhost\\\/kmdknew\\\/wp-content\\\/uploads\\\/2023\\\/10\\\/organogrami_kmdk_26_04.jpg\"},{\"@type\":\"BreadcrumbList\",\"@id\":\"https:\\\/\\\/kmdk-ks.org\\\/sr\\\/struktura-organizacija\\\/#breadcrumb\",\"itemListElement\":[{\"@type\":\"ListItem\",\"position\":1,\"name\":\"Home\",\"item\":\"https:\\\/\\\/kmdk-ks.org\\\/sr\\\/\"},{\"@type\":\"ListItem\",\"position\":2,\"name\":\"Struktura Organizacija\"}]},{\"@type\":\"WebSite\",\"@id\":\"https:\\\/\\\/kmdk-ks.org\\\/#website\",\"url\":\"https:\\\/\\\/kmdk-ks.org\\\/\",\"name\":\"KMDK\",\"description\":\"\",\"potentialAction\":[{\"@type\":\"SearchAction\",\"target\":{\"@type\":\"EntryPoint\",\"urlTemplate\":\"https:\\\/\\\/kmdk-ks.org\\\/?s={search_term_string}\"},\"query-input\":{\"@type\":\"PropertyValueSpecification\",\"valueRequired\":true,\"valueName\":\"search_term_string\"}}],\"inLanguage\":\"sr-RS\"}]}<\/script>\n<!-- \/ Yoast SEO plugin. -->","yoast_head_json":{"title":"Struktura Organizacija - KMDK","robots":{"index":"index","follow":"follow","max-snippet":"max-snippet:-1","max-image-preview":"max-image-preview:large","max-video-preview":"max-video-preview:-1"},"canonical":"https:\/\/kmdk-ks.org\/sr\/struktura-organizacija\/","og_locale":"sr_RS","og_type":"article","og_title":"Struktura Organizacija - KMDK","og_description":"STRUKTURA ORGANIZATIVE N\u00eb p\u00ebrputhje me Ligjin Nr. 03\/L-087, KMDK SH.A, \u00eb nga Kryeshefi Ekzekutiv i cili i p\u00ebrgjigjet drejtp\u00ebrs\u00ebdrejti Bordit t\u00eb Drejtor\u00ebve. Me q\u00ebllim t\u00eb menaxhimit m\u00eb efi\u00e7ent dhe efektiv, BD ka aprovuar struktur\u00ebn organizative t\u00eb nd\u00ebrmarrjes dhe rregulloret e brendshme n\u00eb baz\u00eb te t\u00eb cilave kjo struktur\u00eb p\u00ebrb\u00ebhet prej tre Departamenteve, t\u00eb cilat jan\u00eb [&hellip;]","og_url":"https:\/\/kmdk-ks.org\/sr\/struktura-organizacija\/","og_site_name":"KMDK","article_publisher":"https:\/\/www.facebook.com\/p\/Kompania-pr-Menaxhimin-e-Deponive-n-Kosov-SHA-100067418288943\/","article_modified_time":"2023-10-25T08:41:28+00:00","og_image":[{"url":"http:\/\/localhost\/kmdknew\/wp-content\/uploads\/2023\/10\/organogrami_kmdk_26_04.jpg","type":"","width":"","height":""}],"twitter_card":"summary_large_image","twitter_misc":{"\u041f\u0440\u043e\u0446\u0435\u045a\u0435\u043d\u043e \u0432\u0440\u0435\u043c\u0435 \u0447\u0438\u0442\u0430\u045a\u0430":"1 \u043c\u0438\u043d\u0443\u0442"},"schema":{"@context":"https:\/\/schema.org","@graph":[{"@type":"WebPage","@id":"https:\/\/kmdk-ks.org\/sr\/struktura-organizacija\/","url":"https:\/\/kmdk-ks.org\/sr\/struktura-organizacija\/","name":"Struktura Organizacija - KMDK","isPartOf":{"@id":"https:\/\/kmdk-ks.org\/#website"},"primaryImageOfPage":{"@id":"https:\/\/kmdk-ks.org\/sr\/struktura-organizacija\/#primaryimage"},"image":{"@id":"https:\/\/kmdk-ks.org\/sr\/struktura-organizacija\/#primaryimage"},"thumbnailUrl":"http:\/\/localhost\/kmdknew\/wp-content\/uploads\/2023\/10\/organogrami_kmdk_26_04.jpg","datePublished":"2023-10-23T10:29:19+00:00","dateModified":"2023-10-25T08:41:28+00:00","breadcrumb":{"@id":"https:\/\/kmdk-ks.org\/sr\/struktura-organizacija\/#breadcrumb"},"inLanguage":"sr-RS","potentialAction":[{"@type":"ReadAction","target":["https:\/\/kmdk-ks.org\/sr\/struktura-organizacija\/"]}]},{"@type":"ImageObject","inLanguage":"sr-RS","@id":"https:\/\/kmdk-ks.org\/sr\/struktura-organizacija\/#primaryimage","url":"http:\/\/localhost\/kmdknew\/wp-content\/uploads\/2023\/10\/organogrami_kmdk_26_04.jpg","contentUrl":"http:\/\/localhost\/kmdknew\/wp-content\/uploads\/2023\/10\/organogrami_kmdk_26_04.jpg"},{"@type":"BreadcrumbList","@id":"https:\/\/kmdk-ks.org\/sr\/struktura-organizacija\/#breadcrumb","itemListElement":[{"@type":"ListItem","position":1,"name":"Home","item":"https:\/\/kmdk-ks.org\/sr\/"},{"@type":"ListItem","position":2,"name":"Struktura Organizacija"}]},{"@type":"WebSite","@id":"https:\/\/kmdk-ks.org\/#website","url":"https:\/\/kmdk-ks.org\/","name":"KMDK","description":"","potentialAction":[{"@type":"SearchAction","target":{"@type":"EntryPoint","urlTemplate":"https:\/\/kmdk-ks.org\/?s={search_term_string}"},"query-input":{"@type":"PropertyValueSpecification","valueRequired":true,"valueName":"search_term_string"}}],"inLanguage":"sr-RS"}]}},"_links":{"self":[{"href":"https:\/\/kmdk-ks.org\/sr\/wp-json\/wp\/v2\/pages\/2137","targetHints":{"allow":["GET"]}}],"collection":[{"href":"https:\/\/kmdk-ks.org\/sr\/wp-json\/wp\/v2\/pages"}],"about":[{"href":"https:\/\/kmdk-ks.org\/sr\/wp-json\/wp\/v2\/types\/page"}],"author":[{"embeddable":true,"href":"https:\/\/kmdk-ks.org\/sr\/wp-json\/wp\/v2\/users\/1"}],"replies":[{"embeddable":true,"href":"https:\/\/kmdk-ks.org\/sr\/wp-json\/wp\/v2\/comments?post=2137"}],"version-history":[{"count":2,"href":"https:\/\/kmdk-ks.org\/sr\/wp-json\/wp\/v2\/pages\/2137\/revisions"}],"predecessor-version":[{"id":2165,"href":"https:\/\/kmdk-ks.org\/sr\/wp-json\/wp\/v2\/pages\/2137\/revisions\/2165"}],"wp:attachment":[{"href":"https:\/\/kmdk-ks.org\/sr\/wp-json\/wp\/v2\/media?parent=2137"}],"curies":[{"name":"wp","href":"https:\/\/api.w.org\/{rel}","templated":true}]}}