{"id":2767,"date":"2023-12-25T13:51:57","date_gmt":"2023-12-25T13:51:57","guid":{"rendered":"https:\/\/kmdk-ks.org\/si-te-behemi-kliente\/"},"modified":"2023-12-25T14:25:21","modified_gmt":"2023-12-25T14:25:21","slug":"kako-postati-klijent","status":"publish","type":"page","link":"https:\/\/kmdk-ks.org\/sr\/kako-postati-klijent\/","title":{"rendered":"Kako postati klijent?"},"content":{"rendered":"<p>P\u00ebr tu b\u00ebr\u00eb klient i KMDK SH.A duhet q\u00eb s\u00eb pari t\u00eb b\u00ebhet plot\u00ebsimi i K\u00ebrkes\u00ebs p\u00ebr lidhje t\u00eb kontrat\u00ebs(<a href=\"https:\/\/kmdk-ks.org\/wp-content\/uploads\/2023\/10\/SKM_C45823071913110.pdf\">Shkarko K\u00ebrkes\u00ebn<\/a>). Ku pas plot\u00ebsimi t\u00eb kesaj k\u00ebrkese duhet dor\u00ebzuar ne Zyr\u00ebt Qendrore t\u00eb KMDK SH.A(<a href=\"https:\/\/www.google.com\/maps\/place\/42%C2%B039'21.4%22N+21%C2%B009'02.0%22E\/@42.655948,21.1492967,411m\/data=!3m2!1e3!4b1!4m4!3m3!8m2!3d42.655948!4d21.150555!5m1!1e4?entry=ttu\">Rruga : Bekim Fehmiu 137, Lakrishte, 10000 Prishtin\u00eb, Kosov\u00eb<\/a>) s\u00eb bashku me dokumentat shtes\u00eb si:<\/p>\n<ul>\n<li>Certifikata e Biznesnit s\u00eb bashku me informatat.<\/li>\n<li>Let\u00ebrnjoftimi kopje.<\/li>\n<li>Autorizimi p\u00ebr lidhje t\u00eb kontrat\u00ebs.<\/li>\n<\/ul>\n<p>&nbsp;<\/p>\n<p>&nbsp;<\/p>\n<p>&nbsp;<\/p>\n<p>P\u00ebr shum\u00eb kontakto: +383 (0) 38 600 551; 600 552<\/p>\n","protected":false},"excerpt":{"rendered":"<p>P\u00ebr tu b\u00ebr\u00eb klient i KMDK SH.A duhet q\u00eb s\u00eb pari t\u00eb b\u00ebhet plot\u00ebsimi i K\u00ebrkes\u00ebs p\u00ebr lidhje t\u00eb kontrat\u00ebs(Shkarko K\u00ebrkes\u00ebn). Ku pas plot\u00ebsimi t\u00eb kesaj k\u00ebrkese duhet dor\u00ebzuar ne Zyr\u00ebt Qendrore t\u00eb KMDK SH.A(Rruga : Bekim Fehmiu 137, Lakrishte, 10000 Prishtin\u00eb, Kosov\u00eb) s\u00eb bashku me dokumentat shtes\u00eb si: Certifikata e Biznesnit s\u00eb bashku me [&hellip;]<\/p>\n","protected":false},"author":1,"featured_media":0,"parent":0,"menu_order":0,"comment_status":"closed","ping_status":"closed","template":"about.php","meta":{"footnotes":""},"class_list":["post-2767","page","type-page","status-publish","hentry"],"acf":[],"yoast_head":"<!-- This site is optimized with the Yoast SEO plugin v27.3 - https:\/\/yoast.com\/product\/yoast-seo-wordpress\/ -->\n<title>Kako postati klijent? - KMDK<\/title>\n<meta name=\"robots\" content=\"index, follow, max-snippet:-1, max-image-preview:large, max-video-preview:-1\" \/>\n<link rel=\"canonical\" href=\"https:\/\/kmdk-ks.org\/sr\/kako-postati-klijent\/\" \/>\n<meta property=\"og:locale\" content=\"sr_RS\" \/>\n<meta property=\"og:type\" content=\"article\" \/>\n<meta property=\"og:title\" content=\"Kako postati klijent? - KMDK\" \/>\n<meta property=\"og:description\" content=\"P\u00ebr tu b\u00ebr\u00eb klient i KMDK SH.A duhet q\u00eb s\u00eb pari t\u00eb b\u00ebhet plot\u00ebsimi i K\u00ebrkes\u00ebs p\u00ebr lidhje t\u00eb kontrat\u00ebs(Shkarko K\u00ebrkes\u00ebn). Ku pas plot\u00ebsimi t\u00eb kesaj k\u00ebrkese duhet dor\u00ebzuar ne Zyr\u00ebt Qendrore t\u00eb KMDK SH.A(Rruga : Bekim Fehmiu 137, Lakrishte, 10000 Prishtin\u00eb, Kosov\u00eb) s\u00eb bashku me dokumentat shtes\u00eb si: Certifikata e Biznesnit s\u00eb bashku me [&hellip;]\" \/>\n<meta property=\"og:url\" content=\"https:\/\/kmdk-ks.org\/sr\/kako-postati-klijent\/\" \/>\n<meta property=\"og:site_name\" content=\"KMDK\" \/>\n<meta property=\"article:publisher\" content=\"https:\/\/www.facebook.com\/p\/Kompania-pr-Menaxhimin-e-Deponive-n-Kosov-SHA-100067418288943\/\" \/>\n<meta property=\"article:modified_time\" content=\"2023-12-25T14:25:21+00:00\" \/>\n<meta name=\"twitter:card\" content=\"summary_large_image\" \/>\n<meta name=\"twitter:label1\" content=\"\u041f\u0440\u043e\u0446\u0435\u045a\u0435\u043d\u043e \u0432\u0440\u0435\u043c\u0435 \u0447\u0438\u0442\u0430\u045a\u0430\" \/>\n\t<meta name=\"twitter:data1\" content=\"1 \u043c\u0438\u043d\u0443\u0442\" \/>\n<script type=\"application\/ld+json\" class=\"yoast-schema-graph\">{\"@context\":\"https:\\\/\\\/schema.org\",\"@graph\":[{\"@type\":\"WebPage\",\"@id\":\"https:\\\/\\\/kmdk-ks.org\\\/sr\\\/kako-postati-klijent\\\/\",\"url\":\"https:\\\/\\\/kmdk-ks.org\\\/sr\\\/kako-postati-klijent\\\/\",\"name\":\"Kako postati klijent? - KMDK\",\"isPartOf\":{\"@id\":\"https:\\\/\\\/kmdk-ks.org\\\/#website\"},\"datePublished\":\"2023-12-25T13:51:57+00:00\",\"dateModified\":\"2023-12-25T14:25:21+00:00\",\"breadcrumb\":{\"@id\":\"https:\\\/\\\/kmdk-ks.org\\\/sr\\\/kako-postati-klijent\\\/#breadcrumb\"},\"inLanguage\":\"sr-RS\",\"potentialAction\":[{\"@type\":\"ReadAction\",\"target\":[\"https:\\\/\\\/kmdk-ks.org\\\/sr\\\/kako-postati-klijent\\\/\"]}]},{\"@type\":\"BreadcrumbList\",\"@id\":\"https:\\\/\\\/kmdk-ks.org\\\/sr\\\/kako-postati-klijent\\\/#breadcrumb\",\"itemListElement\":[{\"@type\":\"ListItem\",\"position\":1,\"name\":\"Home\",\"item\":\"https:\\\/\\\/kmdk-ks.org\\\/sr\\\/\"},{\"@type\":\"ListItem\",\"position\":2,\"name\":\"Kako postati klijent?\"}]},{\"@type\":\"WebSite\",\"@id\":\"https:\\\/\\\/kmdk-ks.org\\\/#website\",\"url\":\"https:\\\/\\\/kmdk-ks.org\\\/\",\"name\":\"KMDK\",\"description\":\"\",\"potentialAction\":[{\"@type\":\"SearchAction\",\"target\":{\"@type\":\"EntryPoint\",\"urlTemplate\":\"https:\\\/\\\/kmdk-ks.org\\\/?s={search_term_string}\"},\"query-input\":{\"@type\":\"PropertyValueSpecification\",\"valueRequired\":true,\"valueName\":\"search_term_string\"}}],\"inLanguage\":\"sr-RS\"}]}<\/script>\n<!-- \/ Yoast SEO plugin. -->","yoast_head_json":{"title":"Kako postati klijent? - KMDK","robots":{"index":"index","follow":"follow","max-snippet":"max-snippet:-1","max-image-preview":"max-image-preview:large","max-video-preview":"max-video-preview:-1"},"canonical":"https:\/\/kmdk-ks.org\/sr\/kako-postati-klijent\/","og_locale":"sr_RS","og_type":"article","og_title":"Kako postati klijent? - KMDK","og_description":"P\u00ebr tu b\u00ebr\u00eb klient i KMDK SH.A duhet q\u00eb s\u00eb pari t\u00eb b\u00ebhet plot\u00ebsimi i K\u00ebrkes\u00ebs p\u00ebr lidhje t\u00eb kontrat\u00ebs(Shkarko K\u00ebrkes\u00ebn). Ku pas plot\u00ebsimi t\u00eb kesaj k\u00ebrkese duhet dor\u00ebzuar ne Zyr\u00ebt Qendrore t\u00eb KMDK SH.A(Rruga : Bekim Fehmiu 137, Lakrishte, 10000 Prishtin\u00eb, Kosov\u00eb) s\u00eb bashku me dokumentat shtes\u00eb si: Certifikata e Biznesnit s\u00eb bashku me [&hellip;]","og_url":"https:\/\/kmdk-ks.org\/sr\/kako-postati-klijent\/","og_site_name":"KMDK","article_publisher":"https:\/\/www.facebook.com\/p\/Kompania-pr-Menaxhimin-e-Deponive-n-Kosov-SHA-100067418288943\/","article_modified_time":"2023-12-25T14:25:21+00:00","twitter_card":"summary_large_image","twitter_misc":{"\u041f\u0440\u043e\u0446\u0435\u045a\u0435\u043d\u043e \u0432\u0440\u0435\u043c\u0435 \u0447\u0438\u0442\u0430\u045a\u0430":"1 \u043c\u0438\u043d\u0443\u0442"},"schema":{"@context":"https:\/\/schema.org","@graph":[{"@type":"WebPage","@id":"https:\/\/kmdk-ks.org\/sr\/kako-postati-klijent\/","url":"https:\/\/kmdk-ks.org\/sr\/kako-postati-klijent\/","name":"Kako postati klijent? - KMDK","isPartOf":{"@id":"https:\/\/kmdk-ks.org\/#website"},"datePublished":"2023-12-25T13:51:57+00:00","dateModified":"2023-12-25T14:25:21+00:00","breadcrumb":{"@id":"https:\/\/kmdk-ks.org\/sr\/kako-postati-klijent\/#breadcrumb"},"inLanguage":"sr-RS","potentialAction":[{"@type":"ReadAction","target":["https:\/\/kmdk-ks.org\/sr\/kako-postati-klijent\/"]}]},{"@type":"BreadcrumbList","@id":"https:\/\/kmdk-ks.org\/sr\/kako-postati-klijent\/#breadcrumb","itemListElement":[{"@type":"ListItem","position":1,"name":"Home","item":"https:\/\/kmdk-ks.org\/sr\/"},{"@type":"ListItem","position":2,"name":"Kako postati klijent?"}]},{"@type":"WebSite","@id":"https:\/\/kmdk-ks.org\/#website","url":"https:\/\/kmdk-ks.org\/","name":"KMDK","description":"","potentialAction":[{"@type":"SearchAction","target":{"@type":"EntryPoint","urlTemplate":"https:\/\/kmdk-ks.org\/?s={search_term_string}"},"query-input":{"@type":"PropertyValueSpecification","valueRequired":true,"valueName":"search_term_string"}}],"inLanguage":"sr-RS"}]}},"_links":{"self":[{"href":"https:\/\/kmdk-ks.org\/sr\/wp-json\/wp\/v2\/pages\/2767","targetHints":{"allow":["GET"]}}],"collection":[{"href":"https:\/\/kmdk-ks.org\/sr\/wp-json\/wp\/v2\/pages"}],"about":[{"href":"https:\/\/kmdk-ks.org\/sr\/wp-json\/wp\/v2\/types\/page"}],"author":[{"embeddable":true,"href":"https:\/\/kmdk-ks.org\/sr\/wp-json\/wp\/v2\/users\/1"}],"replies":[{"embeddable":true,"href":"https:\/\/kmdk-ks.org\/sr\/wp-json\/wp\/v2\/comments?post=2767"}],"version-history":[{"count":5,"href":"https:\/\/kmdk-ks.org\/sr\/wp-json\/wp\/v2\/pages\/2767\/revisions"}],"predecessor-version":[{"id":2806,"href":"https:\/\/kmdk-ks.org\/sr\/wp-json\/wp\/v2\/pages\/2767\/revisions\/2806"}],"wp:attachment":[{"href":"https:\/\/kmdk-ks.org\/sr\/wp-json\/wp\/v2\/media?parent=2767"}],"curies":[{"name":"wp","href":"https:\/\/api.w.org\/{rel}","templated":true}]}}